{"id":2701,"date":"2024-10-29T12:01:12","date_gmt":"2024-10-29T09:01:12","guid":{"rendered":"https:\/\/astoriahotel.com.tr\/services\/"},"modified":"2025-05-01T09:02:25","modified_gmt":"2025-05-01T06:02:25","slug":"services","status":"publish","type":"page","link":"https:\/\/astoriahotel.com.tr\/de\/services\/","title":{"rendered":"Dienstleistungen"},"content":{"rendered":"\t\t<div data-elementor-type=\"wp-page\" data-elementor-id=\"2701\" class=\"elementor elementor-2701\" data-elementor-post-type=\"page\">\n\t\t\t\t<div class=\"elementor-element elementor-element-54e065f e-flex e-con-boxed e-con e-parent\" data-id=\"54e065f\" data-element_type=\"container\" data-settings=\"{&quot;_ha_eqh_enable&quot;:false}\">\n\t\t\t\t\t<div class=\"e-con-inner\">\n\t\t<div class=\"elementor-element elementor-element-771269d e-con-full e-flex e-con e-child\" data-id=\"771269d\" data-element_type=\"container\" data-settings=\"{&quot;_ha_eqh_enable&quot;:false}\">\n\t\t\t\t<div class=\"elementor-element elementor-element-8369f7d elementor-widget elementor-widget-image\" data-id=\"8369f7d\" data-element_type=\"widget\" data-widget_type=\"image.default\">\n\t\t\t\t<div class=\"elementor-widget-container\">\n\t\t\t\t\t\t\t\t\t\t\t\t\t<img fetchpriority=\"high\" decoding=\"async\" width=\"386\" height=\"551\" src=\"https:\/\/astoriahotel.com.tr\/wp-content\/uploads\/2024\/11\/capture_20241111135239413-Kopyala.webp\" class=\"attachment-large size-large wp-image-2646\" alt=\"\" srcset=\"https:\/\/astoriahotel.com.tr\/wp-content\/uploads\/2024\/11\/capture_20241111135239413-Kopyala.webp 386w, https:\/\/astoriahotel.com.tr\/wp-content\/uploads\/2024\/11\/capture_20241111135239413-Kopyala-210x300.webp 210w\" sizes=\"(max-width: 386px) 100vw, 386px\" \/>\t\t\t\t\t\t\t\t\t\t\t\t\t<\/div>\n\t\t\t\t<\/div>\n\t\t\t\t<\/div>\n\t\t<div class=\"elementor-element elementor-element-9381336 e-con-full e-flex e-con e-child\" data-id=\"9381336\" data-element_type=\"container\" data-settings=\"{&quot;_ha_eqh_enable&quot;:false}\">\n\t\t\t\t<div class=\"elementor-element elementor-element-249c0ee elementor-widget elementor-widget-image\" data-id=\"249c0ee\" data-element_type=\"widget\" data-widget_type=\"image.default\">\n\t\t\t\t<div class=\"elementor-widget-container\">\n\t\t\t\t\t\t\t\t\t\t\t\t\t<img decoding=\"async\" width=\"386\" height=\"551\" src=\"https:\/\/astoriahotel.com.tr\/wp-content\/uploads\/2024\/11\/capture_20241111135249012-Kopyala.webp\" class=\"attachment-large size-large wp-image-2647\" alt=\"\" srcset=\"https:\/\/astoriahotel.com.tr\/wp-content\/uploads\/2024\/11\/capture_20241111135249012-Kopyala.webp 386w, https:\/\/astoriahotel.com.tr\/wp-content\/uploads\/2024\/11\/capture_20241111135249012-Kopyala-210x300.webp 210w\" sizes=\"(max-width: 386px) 100vw, 386px\" \/>\t\t\t\t\t\t\t\t\t\t\t\t\t<\/div>\n\t\t\t\t<\/div>\n\t\t\t\t<\/div>\n\t\t<div class=\"elementor-element elementor-element-7dcec53 e-con-full e-flex e-con e-child\" data-id=\"7dcec53\" data-element_type=\"container\" data-settings=\"{&quot;_ha_eqh_enable&quot;:false}\">\n\t\t\t\t<div class=\"elementor-element elementor-element-3445c58 elementor-widget elementor-widget-image\" data-id=\"3445c58\" data-element_type=\"widget\" data-widget_type=\"image.default\">\n\t\t\t\t<div class=\"elementor-widget-container\">\n\t\t\t\t\t\t\t\t\t\t\t\t\t<img decoding=\"async\" width=\"388\" height=\"556\" src=\"https:\/\/astoriahotel.com.tr\/wp-content\/uploads\/2024\/11\/capture_20241111135256755-Kopyala.webp\" class=\"attachment-large size-large wp-image-2648\" alt=\"\" srcset=\"https:\/\/astoriahotel.com.tr\/wp-content\/uploads\/2024\/11\/capture_20241111135256755-Kopyala.webp 388w, https:\/\/astoriahotel.com.tr\/wp-content\/uploads\/2024\/11\/capture_20241111135256755-Kopyala-209x300.webp 209w\" sizes=\"(max-width: 388px) 100vw, 388px\" \/>\t\t\t\t\t\t\t\t\t\t\t\t\t<\/div>\n\t\t\t\t<\/div>\n\t\t\t\t<\/div>\n\t\t<div class=\"elementor-element elementor-element-f7b6403 e-con-full e-flex e-con e-child\" data-id=\"f7b6403\" data-element_type=\"container\" data-settings=\"{&quot;_ha_eqh_enable&quot;:false}\">\n\t\t\t\t<div class=\"elementor-element elementor-element-a798aa9 elementor-widget elementor-widget-image\" data-id=\"a798aa9\" data-element_type=\"widget\" data-widget_type=\"image.default\">\n\t\t\t\t<div class=\"elementor-widget-container\">\n\t\t\t\t\t\t\t\t\t\t\t\t\t<img loading=\"lazy\" decoding=\"async\" width=\"385\" height=\"552\" src=\"https:\/\/astoriahotel.com.tr\/wp-content\/uploads\/2024\/11\/capture_20241111135306436-Kopyala.webp\" class=\"attachment-large size-large wp-image-2649\" alt=\"\" srcset=\"https:\/\/astoriahotel.com.tr\/wp-content\/uploads\/2024\/11\/capture_20241111135306436-Kopyala.webp 385w, https:\/\/astoriahotel.com.tr\/wp-content\/uploads\/2024\/11\/capture_20241111135306436-Kopyala-209x300.webp 209w\" sizes=\"(max-width: 385px) 100vw, 385px\" \/>\t\t\t\t\t\t\t\t\t\t\t\t\t<\/div>\n\t\t\t\t<\/div>\n\t\t\t\t<\/div>\n\t\t\t\t\t<\/div>\n\t\t\t\t<\/div>\n\t\t<div class=\"elementor-element elementor-element-e2e9c26 e-flex e-con-boxed e-con e-parent\" data-id=\"e2e9c26\" data-element_type=\"container\" data-settings=\"{&quot;_ha_eqh_enable&quot;:false}\">\n\t\t\t\t\t<div class=\"e-con-inner\">\n\t\t\t\t<div class=\"elementor-element elementor-element-8a8ebb0 elementor-headline--style-highlight elementor-widget elementor-widget-animated-headline\" data-id=\"8a8ebb0\" data-element_type=\"widget\" data-settings=\"{&quot;highlighted_text&quot;:&quot;All Inclusive&quot;,&quot;headline_style&quot;:&quot;highlight&quot;,&quot;marker&quot;:&quot;circle&quot;,&quot;loop&quot;:&quot;yes&quot;,&quot;highlight_animation_duration&quot;:1200,&quot;highlight_iteration_delay&quot;:8000}\" data-widget_type=\"animated-headline.default\">\n\t\t\t\t<div class=\"elementor-widget-container\">\n\t\t\t\t\t<h3 class=\"elementor-headline\">\n\t\t\t\t\t<span class=\"elementor-headline-plain-text elementor-headline-text-wrapper\">Astoria Hotel<\/span>\n\t\t\t\t<span class=\"elementor-headline-dynamic-wrapper elementor-headline-text-wrapper\">\n\t\t\t\t\t<span class=\"elementor-headline-dynamic-text elementor-headline-text-active\">All Inclusive<\/span>\n\t\t\t\t<\/span>\n\t\t\t\t<\/h3>\n\t\t\t\t<\/div>\n\t\t\t\t<\/div>\n\t\t\t\t\t<\/div>\n\t\t\t\t<\/div>\n\t\t<div class=\"elementor-element elementor-element-e1fe92d e-grid e-con-boxed e-con e-parent\" data-id=\"e1fe92d\" data-element_type=\"container\" data-settings=\"{&quot;_ha_eqh_enable&quot;:false}\">\n\t\t\t\t\t<div class=\"e-con-inner\">\n\t\t\t\t<div class=\"elementor-element elementor-element-6526eae elementor-widget elementor-widget-text-editor\" data-id=\"6526eae\" data-element_type=\"widget\" data-widget_type=\"text-editor.default\">\n\t\t\t\t<div class=\"elementor-widget-container\">\n\t\t\t\t\t\t\t<p>ASTORIA HOTEL KEMER \/ ALL INCLUSIVE<br \/>HOTEL: Unser Hotel liegt im Zentrum von Kemer, 55 km vom Flughafen Antalya und 220 m vom Strand entfernt. Unsere 2006 er\u00f6ffnete Anlage ist auf 2100 m2 gebaut.<\/p><p>Webadresse: www.astoriahotel.com.tr<br \/>E-Mail: rezervasyon@astoriahotel.com.tr<\/p><p>ZIMMER:<br \/>Duschkabine, Haartrockner, Telefon, Balkon, Safe<br \/>Split-Klimaanlage<br \/>Fernsehen (t\u00fcrkische Sender)<br \/>Minibar<br \/>Bodenlaminat<br \/>Zimmerreinigung jeden Tag<br \/>Bettw\u00e4sche und Handt\u00fccher werden t\u00e4glich gewechselt.<br \/>W-lan<\/p><p>HOTELBEREICH:<br \/>Hauptrestaurant<br \/>2 Balken<br \/>Freibad<br \/>Innenpool<br \/>SPA-Zentrum<br \/>W\u00e4scherei<\/p>\t\t\t\t\t\t<\/div>\n\t\t\t\t<\/div>\n\t\t\t\t<div class=\"elementor-element elementor-element-62f8630 elementor-widget elementor-widget-text-editor\" data-id=\"62f8630\" data-element_type=\"widget\" data-widget_type=\"text-editor.default\">\n\t\t\t\t<div class=\"elementor-widget-container\">\n\t\t\t\t\t\t\t<p>UNTERHALTUNG-SPORT:<br \/>Frei:<br \/>T\u00fcrkisches Bad, Sauna<br \/>zum Whirlpool<br \/>Fitnesshalle<br \/>Tischtennis<br \/>Darts<br \/>Animationsprogramm<br \/>Live-Musik<br \/>Bezahlt:<br \/>Massage<br \/>Billard<br \/>Wassersport<br \/>Drahtloses Internet (Wi-Fi)<br \/>Strandtuch<\/p><p>F\u00dcR KINDER:<br \/>Kinderbecken<br \/>gleiten<br \/>Kinderspielplatz<br \/>Strand:<br \/>Kieselsteine, Bar. Sonnenschirme, Auflagen, Liegest\u00fchle am Pool und am Strand (kostenlos)<\/p>\t\t\t\t\t\t<\/div>\n\t\t\t\t<\/div>\n\t\t\t\t\t<\/div>\n\t\t\t\t<\/div>\n\t\t<div class=\"elementor-element elementor-element-f99f34c e-grid e-con-boxed e-con e-parent\" data-id=\"f99f34c\" data-element_type=\"container\" data-settings=\"{&quot;_ha_eqh_enable&quot;:false}\">\n\t\t\t\t\t<div class=\"e-con-inner\">\n\t\t\t\t<div class=\"elementor-element elementor-element-a634598 elementor-widget elementor-widget-text-editor\" data-id=\"a634598\" data-element_type=\"widget\" data-widget_type=\"text-editor.default\">\n\t\t\t\t<div class=\"elementor-widget-container\">\n\t\t\t\t\t\t\t<p><strong>ALL-INCLUSIVE-SYSTEM<\/strong><br \/>FR\u00dcHST\u00dcCK 07:30-09:30<br \/>SP\u00c4TES FR\u00dcHST\u00dcCK 09:30-10:30<br \/>MITTAGESSEN 12:30-14:00<br \/>SNEAK BAR 15:30-17:00<br \/>5-Uhr-Tee 17:00-18:00<br \/>ABENDESSEN 19:00-21:00<\/p><p>\u00d6FFNUNGS- UND SCHLIESSZEITEN DER BAR: 10:00\u201322:30<\/p>\t\t\t\t\t\t<\/div>\n\t\t\t\t<\/div>\n\t\t\t\t<div class=\"elementor-element elementor-element-1766217 elementor-widget elementor-widget-text-editor\" data-id=\"1766217\" data-element_type=\"widget\" data-widget_type=\"text-editor.default\">\n\t\t\t\t<div class=\"elementor-widget-container\">\n\t\t\t\t\t\t\t<p>&#8211; ALLE LOKALEN ALKOHOLISCHEN UND NICHT-ALKOHOLISCHEN GETR\u00c4NKE SIND KOSTENLOS<br \/>&#8211; ALLE NICHT-LOKALEN ALKOHOLISCHEN UND FRISCH GEPRESSTEN ORANGENS\u00c4FTE UND T\u00dcRKISCHEN KAFFEE SIND GEB\u00dcHREN<br \/>&#8211; ALLE GETR\u00c4NKE UND ESSEN SIND NACH 22:30 UHR ZAHLEN<br \/>-POOL-\u00d6FFNUNGSZEITEN 07:00-18:00<br \/>-DIE VERWENDUNG VON ZIMMERHANDT\u00dcCHERN AM STRAND UND IM POOL IST ABSOLUT VERBOTEN.<br \/>-STRANDT\u00dcCHER SIND GEB\u00dcHRBAR (5\u20ac)<br \/>-RAUMKLIMAANLAGEN FUNKTIONIEREN, WENN DIE BALKONT\u00dcR GESCHLOSSEN IST<br \/>-Der Verlust Ihres Zimmerschl\u00fcssels wird mit einer Geb\u00fchr (25 \u20ac) berechnet.<br \/>-KOFFERVERPACKUNG IST AN DER REZEPTION (KOSTENPFLICHTIG)<br \/>-T\u00dcRKISCHES BAD, SAUNA SIND KOSTENLOS<br \/>-MASSAGE, PEELING UND SPA-CENTER SIND GEB\u00dcHRGEB\u00dcHR<br \/>-WLAN und Safe sind kostenpflichtig (2 \u20ac pro Tag)<br \/>-Lunchpaket (wenn Sie vor dem Fr\u00fchst\u00fcck abreisen) k\u00f6nnen Sie bis 20:00 Uhr an der Rezeption nachfragen.<br \/>REZEPTIONSNUMMER &#8211; (0)<br \/>ZIMMER-CHECK-OUT-ZEIT: 12:00 (CHECK-OUTS NACH 12 UHR SIND GEB\u00dcHRPFLICHTIG)<br \/>ZIMMER-CHECK-IN-ZEIT: 14:00<\/p>\t\t\t\t\t\t<\/div>\n\t\t\t\t<\/div>\n\t\t\t\t\t<\/div>\n\t\t\t\t<\/div>\n\t\t\t\t<\/div>\n\t\t","protected":false},"excerpt":{"rendered":"Astoria Hotel All Inclusive ASTORIA HOTEL KEMER \/ ALL INCLUSIVEHOTEL: Unser Hotel liegt im Zentrum von Kemer, 55 km vom Flughafen Antalya und 220 m vom Strand entfernt. Unsere 2006 er\u00f6ffnete Anlage ist auf 2100 m2 gebaut. Webadresse: www.astoriahotel.com.trE-Mail: rezervasyon@astoriahotel.com.tr ZIMMER:Duschkabine, Haartrockner, Telefon, Balkon, SafeSplit-KlimaanlageFernsehen (t\u00fcrkische Sender)MinibarBodenlaminatZimmerreinigung jeden TagBettw\u00e4sche und Handt\u00fccher werden t\u00e4glich gewechselt.W-lan HOTELBEREICH:Hauptrestaurant2 ","protected":false},"author":1,"featured_media":0,"parent":0,"menu_order":0,"comment_status":"closed","ping_status":"closed","template":"elementor_header_footer","meta":{"footnotes":""},"class_list":["post-2701","page","type-page","status-publish","hentry"],"_links":{"self":[{"href":"https:\/\/astoriahotel.com.tr\/de\/wp-json\/wp\/v2\/pages\/2701","targetHints":{"allow":["GET"]}}],"collection":[{"href":"https:\/\/astoriahotel.com.tr\/de\/wp-json\/wp\/v2\/pages"}],"about":[{"href":"https:\/\/astoriahotel.com.tr\/de\/wp-json\/wp\/v2\/types\/page"}],"author":[{"embeddable":true,"href":"https:\/\/astoriahotel.com.tr\/de\/wp-json\/wp\/v2\/users\/1"}],"replies":[{"embeddable":true,"href":"https:\/\/astoriahotel.com.tr\/de\/wp-json\/wp\/v2\/comments?post=2701"}],"version-history":[{"count":10,"href":"https:\/\/astoriahotel.com.tr\/de\/wp-json\/wp\/v2\/pages\/2701\/revisions"}],"predecessor-version":[{"id":3317,"href":"https:\/\/astoriahotel.com.tr\/de\/wp-json\/wp\/v2\/pages\/2701\/revisions\/3317"}],"wp:attachment":[{"href":"https:\/\/astoriahotel.com.tr\/de\/wp-json\/wp\/v2\/media?parent=2701"}],"curies":[{"name":"wp","href":"https:\/\/api.w.org\/{rel}","templated":true}]}}