{"id":2685,"date":"2021-12-18T12:43:00","date_gmt":"2021-12-18T09:43:00","guid":{"rendered":"https:\/\/astoriahotel.com.tr\/astoriahotel\/"},"modified":"2025-04-22T11:54:11","modified_gmt":"2025-04-22T08:54:11","slug":"astoriahotel","status":"publish","type":"page","link":"https:\/\/astoriahotel.com.tr\/de\/astoriahotel\/","title":{"rendered":"Astoria Hotel Kemer"},"content":{"rendered":"\t\t<div data-elementor-type=\"wp-page\" data-elementor-id=\"2685\" class=\"elementor elementor-2685\" data-elementor-post-type=\"page\">\n\t\t\t\t\t\t<section class=\"elementor-section elementor-top-section elementor-element elementor-element-fef115e elementor-section-full_width elementor-section-height-default elementor-section-height-default\" data-id=\"fef115e\" data-element_type=\"section\" data-settings=\"{&quot;_ha_eqh_enable&quot;:false}\">\n\t\t\t\t\t\t<div class=\"elementor-container elementor-column-gap-no\">\n\t\t\t\t\t<div class=\"elementor-column elementor-col-100 elementor-top-column elementor-element elementor-element-b40edfc\" data-id=\"b40edfc\" data-element_type=\"column\">\n\t\t\t<div class=\"elementor-widget-wrap elementor-element-populated\">\n\t\t\t\t\t\t<div class=\"elementor-element elementor-element-e259b55 elementor-widget elementor-widget-wpo-parador_about\" data-id=\"e259b55\" data-element_type=\"widget\" data-settings=\"{&quot;about_image&quot;:{&quot;url&quot;:&quot;https:\\\/\\\/astoriahotel.com.tr\\\/wp-content\\\/uploads\\\/2025\\\/04\\\/Astoria-Hotel-Kemer-1-1.webp&quot;,&quot;id&quot;:3114,&quot;size&quot;:&quot;&quot;,&quot;alt&quot;:&quot;&quot;,&quot;source&quot;:&quot;library&quot;}}\" data-widget_type=\"wpo-parador_about.default\">\n\t\t\t\t<div class=\"elementor-widget-container\">\n\t\t\t\t\t<div class=\"parador-about wpo-about-section\">\n\t\t\t<div class=\" container\">\n\t\t\t\t<div class=\"wpo-about-section-wrapper\">\n\t\t\t\t\t<div class=\"row align-items-center\">\n\t\t\t\t\t\t\t\t\t\t\t\t\t<div class=\"col-lg-6 col-md-12 col-12\">\n\t\t\t\t\t\t\t\t<div class=\"wpo-about-img\">\n\t\t\t\t\t\t\t\t\t<img decoding=\"async\" src=\"https:\/\/astoriahotel.com.tr\/wp-content\/uploads\/2025\/04\/Astoria-Hotel-Kemer-1-1.webp\" alt=\"\">\t\t\t\t\t\t\t\t<\/div>\n\t\t\t\t\t\t\t<\/div>\n\t\t\t\t\t\t\t\t\t\t\t\t<div class=\" col-lg-6 col-md-12 col-12\">\n\t\t\t\t\t\t\t<div class=\"wpo-about-content\">\n\t\t\t\t\t\t\t\t<div class=\"about-title\">\n\t\t\t\t\t\t\t\t\t<h2>ASTORIA HOTEL KEMER <\/h2>\t\t\t\t\t\t\t\t<\/div>\n\t\t\t\t\t\t\t\t<div class=\"wpo-about-content-inner\">\n\t\t\t\t\t\t\t\t\t<p>Das Astoria Hotel Antalya ist eine sehr attraktive Option f\u00fcr diejenigen, die von einem charmanten und ruhigen Urlaub in Antalya tr\u00e4umen. Die g\u00fcnstige Preispolitik des Hotels, die zentrale Lage, die N\u00e4he zur Natur und die zahlreichen Aktivit\u00e4ten im Hotel sorgen f\u00fcr einen sehr angenehmen und ruhigen Urlaub.<\/p>\t\t\t\t\t\t\t\t\t\t<div class=\"about-info-wrap\">\n\t\t\t\t\t\t\t\t\t\t\t<div class=\"about-info-left\">\n\t\t\t\t\t\t\t\t\t\t\t\t\t\t\t\t\t\t\t\t\t\t\t\t<ul>\n\t\t\t\t\t\t\t\t\t\t\t\t\t\t\t\t\t\t\t\t\t\t\t\t\t\t\t<li><i class=\"fa fa-star\" aria-hidden=\"true\"><\/i><\/li>\n\t\t\t\t\t\t\t\t\t\t\t\t\t\t<li><i class=\"fa fa-star\" aria-hidden=\"true\"><\/i><\/li>\n\t\t\t\t\t\t\t\t\t\t\t\t\t\t<li><i class=\"fa fa-star\" aria-hidden=\"true\"><\/i><\/li>\n\t\t\t\t\t\t\t\t\t\t\t\t\t\t<li><i class=\"fa fa-star\" aria-hidden=\"true\"><\/i><\/li>\n\t\t\t\t\t\t\t\t\t\t\t\t\t\t<li><i class=\"fa fa-star\" aria-hidden=\"true\"><\/i><\/li>\n\t\t\t\t\t\t\t\t\t\t\t\t\t\t\t\t\t\t\t\t\t\t\t\t\t<\/ul>\n\t\t\t\t\t\t\t\t\t\t\t<\/div>\n\t\t\t\t\t\t\t\t\t\t\t<div class=\"about-info-right\">\n\t\t\t\t\t\t\t\t\t\t\t\t\t\t\t\t\t\t\t\t\t\t\t<\/div>\n\t\t\t\t\t\t\t\t\t\t\t\t\t\t\t\t\t\t\t\t\t<\/div>\n\t\t\t\t\t\t\t\t\t\t\t\t\t\t\t\t\t<\/div>\n\t\t\t\t\t\t\t<\/div>\n\t\t\t\t\t\t<\/div>\n\t\t\t\t\t<\/div>\n\t\t\t\t<\/div>\n\t\t\t<\/div>\n\t\t<\/div>\n\t\t<\/div>\n\t\t\t\t<\/div>\n\t\t\t\t\t<\/div>\n\t\t<\/div>\n\t\t\t\t\t<\/div>\n\t\t<\/section>\n\t\t<div class=\"elementor-element elementor-element-139fa17 e-grid e-con-boxed e-con e-parent\" data-id=\"139fa17\" data-element_type=\"container\" data-settings=\"{&quot;_ha_eqh_enable&quot;:false}\">\n\t\t\t\t\t<div class=\"e-con-inner\">\n\t\t\t\t<div class=\"elementor-element elementor-element-b003f74 elementor-widget elementor-widget-text-editor\" data-id=\"b003f74\" data-element_type=\"widget\" data-widget_type=\"text-editor.default\">\n\t\t\t\t<div class=\"elementor-widget-container\">\n\t\t\t\t\t\t\t<div class=\"about-left-content wpb_column vc_column_container vc_col-sm-6\"><div class=\"vc_column-inner \"><div class=\"wpb_wrapper\"><div class=\"wpb_text_column wpb_content_element \"><div class=\"wpb_wrapper\"><p>ZIMMER:<br \/>Duschkabine, Haartrockner, Telefon, Balkon, Safe<br \/>Split-Klimaanlage<br \/>Fernsehen (t\u00fcrkische Sender)<br \/>Minibar<br \/>Bodenlaminat<br \/>Zimmerreinigung jeden Tag<br \/>Bettw\u00e4sche und Handt\u00fccher werden t\u00e4glich gewechselt.<br \/>W-lan<\/p><p>HOTELBEREICH:<br \/>Hauptrestaurant<br \/>2 Balken<br \/>Freibad<br \/>Innenpool<br \/>SPA-Zentrum<br \/>W\u00e4scherei<\/p><\/div><\/div><\/div><\/div><\/div>\t\t\t\t\t\t<\/div>\n\t\t\t\t<\/div>\n\t\t\t\t<div class=\"elementor-element elementor-element-5f90f06 elementor-widget elementor-widget-text-editor\" data-id=\"5f90f06\" data-element_type=\"widget\" data-widget_type=\"text-editor.default\">\n\t\t\t\t<div class=\"elementor-widget-container\">\n\t\t\t\t\t\t\t<div class=\"about-left-content wpb_column vc_column_container vc_col-sm-6\"><div class=\"vc_column-inner \"><div class=\"wpb_wrapper\"><div class=\"wpb_text_column wpb_content_element \"><div class=\"wpb_wrapper\"><p>UNTERHALTUNG-SPORT:<br \/>Frei:<br \/>T\u00fcrkisches Bad, Sauna<br \/>zum Whirlpool<br \/>Fitnesshalle<br \/>Tischtennis<br \/>Darts<br \/>Animationsprogramm<br \/>Live-Musik<br \/>Bezahlt:<br \/>Massage<br \/>Billard<br \/>Wassersport<br \/>Drahtloses Internet (Wi-Fi)<br \/>Strandtuch<\/p><p>F\u00dcR KINDER:<br \/>Kinderbecken<br \/>gleiten<br \/>Kinderspielplatz<br \/>Strand:<br \/>Kieselsteine, Bar. Sonnenschirme, Auflagen, Liegest\u00fchle am Pool und am Strand (kostenlos)<\/p><\/div><\/div><\/div><\/div><\/div>\t\t\t\t\t\t<\/div>\n\t\t\t\t<\/div>\n\t\t\t\t\t<\/div>\n\t\t\t\t<\/div>\n\t\t\t\t<\/div>\n\t\t","protected":false},"excerpt":{"rendered":"ASTORIA HOTEL KEMER Das Astoria Hotel Antalya ist eine sehr attraktive Option f\u00fcr diejenigen, die von einem charmanten und ruhigen Urlaub in Antalya tr\u00e4umen. Die g\u00fcnstige Preispolitik des Hotels, die zentrale Lage, die N\u00e4he zur Natur und die zahlreichen Aktivit\u00e4ten im Hotel sorgen f\u00fcr einen sehr angenehmen und ruhigen Urlaub. ZIMMER:Duschkabine, Haartrockner, Telefon, Balkon, SafeSplit-KlimaanlageFernsehen ","protected":false},"author":1,"featured_media":0,"parent":0,"menu_order":0,"comment_status":"closed","ping_status":"closed","template":"elementor_header_footer","meta":{"footnotes":""},"class_list":["post-2685","page","type-page","status-publish","hentry"],"_links":{"self":[{"href":"https:\/\/astoriahotel.com.tr\/de\/wp-json\/wp\/v2\/pages\/2685","targetHints":{"allow":["GET"]}}],"collection":[{"href":"https:\/\/astoriahotel.com.tr\/de\/wp-json\/wp\/v2\/pages"}],"about":[{"href":"https:\/\/astoriahotel.com.tr\/de\/wp-json\/wp\/v2\/types\/page"}],"author":[{"embeddable":true,"href":"https:\/\/astoriahotel.com.tr\/de\/wp-json\/wp\/v2\/users\/1"}],"replies":[{"embeddable":true,"href":"https:\/\/astoriahotel.com.tr\/de\/wp-json\/wp\/v2\/comments?post=2685"}],"version-history":[{"count":12,"href":"https:\/\/astoriahotel.com.tr\/de\/wp-json\/wp\/v2\/pages\/2685\/revisions"}],"predecessor-version":[{"id":3191,"href":"https:\/\/astoriahotel.com.tr\/de\/wp-json\/wp\/v2\/pages\/2685\/revisions\/3191"}],"wp:attachment":[{"href":"https:\/\/astoriahotel.com.tr\/de\/wp-json\/wp\/v2\/media?parent=2685"}],"curies":[{"name":"wp","href":"https:\/\/api.w.org\/{rel}","templated":true}]}}